{"id":12,"date":"2023-08-05T22:06:20","date_gmt":"2023-08-05T22:06:20","guid":{"rendered":"https:\/\/res-erasmus.eu\/?page_id=12"},"modified":"2023-08-07T10:44:06","modified_gmt":"2023-08-07T10:44:06","slug":"home","status":"publish","type":"page","link":"https:\/\/res-erasmus.eu\/da\/","title":{"rendered":"Hjem"},"content":{"rendered":"<div data-elementor-type=\"wp-page\" data-elementor-id=\"12\" class=\"elementor elementor-12\">\n\t\t\t\t\t\t<section class=\"elementor-section elementor-top-section elementor-element elementor-element-65f5d8f elementor-section-content-middle elementor-section-boxed elementor-section-height-default elementor-section-height-default\" data-id=\"65f5d8f\" data-element_type=\"section\" data-e-type=\"section\" data-settings=\"{&quot;background_background&quot;:&quot;classic&quot;}\">\n\t\t\t\t\t\t<div class=\"elementor-container elementor-column-gap-default\">\n\t\t\t\t\t<div class=\"elementor-column elementor-col-50 elementor-top-column elementor-element elementor-element-0cae3cf\" data-id=\"0cae3cf\" data-element_type=\"column\" data-e-type=\"column\">\n\t\t\t<div class=\"elementor-widget-wrap elementor-element-populated\">\n\t\t\t\t\t\t<div class=\"elementor-element elementor-element-1c0de3d elementor-widget elementor-widget-image\" data-id=\"1c0de3d\" data-element_type=\"widget\" data-e-type=\"widget\" data-widget_type=\"image.default\">\n\t\t\t\t<div class=\"elementor-widget-container\">\n\t\t\t\t\t\t\t\t\t\t\t\t\t\t\t<img fetchpriority=\"high\" decoding=\"async\" width=\"1024\" height=\"1024\" src=\"https:\/\/res-erasmus.eu\/wp-content\/uploads\/2023\/08\/6-1024x1024.png\" class=\"attachment-large size-large wp-image-19\" alt=\"\" srcset=\"https:\/\/res-erasmus.eu\/wp-content\/uploads\/2023\/08\/6-1024x1024.png 1024w, https:\/\/res-erasmus.eu\/wp-content\/uploads\/2023\/08\/6-300x300.png 300w, https:\/\/res-erasmus.eu\/wp-content\/uploads\/2023\/08\/6-150x150.png 150w, https:\/\/res-erasmus.eu\/wp-content\/uploads\/2023\/08\/6-768x768.png 768w, https:\/\/res-erasmus.eu\/wp-content\/uploads\/2023\/08\/6.png 1080w\" sizes=\"(max-width: 1024px) 100vw, 1024px\" \/>\t\t\t\t\t\t\t\t\t\t\t\t\t\t\t<\/div>\n\t\t\t\t<\/div>\n\t\t\t\t\t<\/div>\n\t\t<\/div>\n\t\t\t\t<div class=\"elementor-column elementor-col-50 elementor-top-column elementor-element elementor-element-6abee5a\" data-id=\"6abee5a\" data-element_type=\"column\" data-e-type=\"column\">\n\t\t\t<div class=\"elementor-widget-wrap elementor-element-populated\">\n\t\t\t\t\t\t<div class=\"elementor-element elementor-element-8de96fc content-align-cta-center elementor-widget elementor-widget-eael-cta-box\" data-id=\"8de96fc\" data-element_type=\"widget\" data-e-type=\"widget\" data-widget_type=\"eael-cta-box.default\">\n\t\t\t\t<div class=\"elementor-widget-container\">\n\t\t\t\t\t\t\t<div class=\"eael-call-to-action cta-basic bg-lite cta-preset-1\">\n        <h4 class=\"sub-title\">Iv\u00e6rks\u00e6tteriets rolle i sport: Et nyt perspektiv p\u00e5 unge mennesker<\/h4><h1 class=\"title eael-cta-heading\">RES<\/h1><a href=\"https:\/\/res-erasmus.eu\/da\/about\/\" class=\"cta-button cta-preset-1\">F\u00e5 mere at vide!<\/a>\t<\/div>\n\t\t\t\t\t\t\t\t<\/div>\n\t\t\t\t<\/div>\n\t\t\t\t\t<\/div>\n\t\t<\/div>\n\t\t\t\t\t<\/div>\n\t\t<\/section>\n\t\t\t\t<section class=\"elementor-section elementor-top-section elementor-element elementor-element-45d7109 elementor-section-boxed elementor-section-height-default elementor-section-height-default\" data-id=\"45d7109\" data-element_type=\"section\" data-e-type=\"section\" data-settings=\"{&quot;background_background&quot;:&quot;classic&quot;}\">\n\t\t\t\t\t\t<div class=\"elementor-container elementor-column-gap-default\">\n\t\t\t\t\t<div class=\"elementor-column elementor-col-100 elementor-top-column elementor-element elementor-element-d030454\" data-id=\"d030454\" data-element_type=\"column\" data-e-type=\"column\">\n\t\t\t<div class=\"elementor-widget-wrap elementor-element-populated\">\n\t\t\t\t\t\t<div class=\"elementor-element elementor-element-32dd3a9 elementor-widget__width-initial elementor-widget elementor-widget-image\" data-id=\"32dd3a9\" data-element_type=\"widget\" data-e-type=\"widget\" data-widget_type=\"image.default\">\n\t\t\t\t<div class=\"elementor-widget-container\">\n\t\t\t\t\t\t\t\t\t\t\t\t\t\t\t<img decoding=\"async\" width=\"249\" height=\"250\" src=\"https:\/\/res-erasmus.eu\/wp-content\/uploads\/2023\/08\/Picture1.png\" class=\"attachment-full size-full wp-image-7\" alt=\"\" srcset=\"https:\/\/res-erasmus.eu\/wp-content\/uploads\/2023\/08\/Picture1.png 249w, https:\/\/res-erasmus.eu\/wp-content\/uploads\/2023\/08\/Picture1-150x150.png 150w\" sizes=\"(max-width: 249px) 100vw, 249px\" \/>\t\t\t\t\t\t\t\t\t\t\t\t\t\t\t<\/div>\n\t\t\t\t<\/div>\n\t\t\t\t\t<\/div>\n\t\t<\/div>\n\t\t\t\t\t<\/div>\n\t\t<\/section>\n\t\t\t\t<section class=\"elementor-section elementor-top-section elementor-element elementor-element-b17eced elementor-section-boxed elementor-section-height-default elementor-section-height-default\" data-id=\"b17eced\" data-element_type=\"section\" data-e-type=\"section\">\n\t\t\t\t\t\t<div class=\"elementor-container elementor-column-gap-default\">\n\t\t\t\t\t<div class=\"elementor-column elementor-col-100 elementor-top-column elementor-element elementor-element-d057799\" data-id=\"d057799\" data-element_type=\"column\" data-e-type=\"column\">\n\t\t\t<div class=\"elementor-widget-wrap elementor-element-populated\">\n\t\t\t\t\t\t<div class=\"elementor-element elementor-element-8487898 content-align-cta-center elementor-widget elementor-widget-eael-cta-box\" data-id=\"8487898\" data-element_type=\"widget\" data-e-type=\"widget\" data-widget_type=\"eael-cta-box.default\">\n\t\t\t\t<div class=\"elementor-widget-container\">\n\t\t\t\t\t\t\t<div class=\"eael-call-to-action cta-basic bg-lite cta-preset-1\">\n        <p>RES har til form\u00e5l at adressere prioriteterne for fremme af iv\u00e6rks\u00e6tteri og social iv\u00e6rks\u00e6tteruddannelse gennem samarbejde mellem lande, der er ramt af massiv ungdomsarbejdsl\u00f8shed, med et konkret fokus p\u00e5 sportsiv\u00e6rks\u00e6tteri, fremme iv\u00e6rks\u00e6tteri og social iv\u00e6rks\u00e6tteri og konkret overgang fra ideer til handling inden for sportsiv\u00e6rks\u00e6tteri blandt unge i kombination med NFE-metoder rettet mod unge med indvandrerbaggrund.<\/p><a href=\"https:\/\/res-erasmus.eu\/da\/about\/\" class=\"cta-button cta-preset-1\">F\u00e5 mere at vide!<\/a>\t<\/div>\n\t\t\t\t\t\t\t\t<\/div>\n\t\t\t\t<\/div>\n\t\t\t\t\t<\/div>\n\t\t<\/div>\n\t\t\t\t\t<\/div>\n\t\t<\/section>\n\t\t\t\t<section class=\"elementor-section elementor-top-section elementor-element elementor-element-4a8c522 elementor-section-content-middle elementor-section-boxed elementor-section-height-default elementor-section-height-default\" data-id=\"4a8c522\" data-element_type=\"section\" data-e-type=\"section\">\n\t\t\t\t\t\t<div class=\"elementor-container elementor-column-gap-default\">\n\t\t\t\t\t<div class=\"elementor-column elementor-col-25 elementor-top-column elementor-element elementor-element-d3b825f\" data-id=\"d3b825f\" data-element_type=\"column\" data-e-type=\"column\">\n\t\t\t<div class=\"elementor-widget-wrap elementor-element-populated\">\n\t\t\t\t\t\t<div class=\"elementor-element elementor-element-b72825e elementor-widget elementor-widget-image\" data-id=\"b72825e\" data-element_type=\"widget\" data-e-type=\"widget\" data-widget_type=\"image.default\">\n\t\t\t\t<div class=\"elementor-widget-container\">\n\t\t\t\t\t\t\t\t\t\t\t\t\t\t\t<img decoding=\"async\" width=\"150\" height=\"150\" src=\"https:\/\/res-erasmus.eu\/wp-content\/uploads\/2023\/08\/S.S.C.A-Somaliske-Gadeborns-Forening-Logo-150x150.jpg\" class=\"attachment-thumbnail size-thumbnail wp-image-27\" alt=\"\" \/>\t\t\t\t\t\t\t\t\t\t\t\t\t\t\t<\/div>\n\t\t\t\t<\/div>\n\t\t\t\t\t<\/div>\n\t\t<\/div>\n\t\t\t\t<div class=\"elementor-column elementor-col-25 elementor-top-column elementor-element elementor-element-f6acdda\" data-id=\"f6acdda\" data-element_type=\"column\" data-e-type=\"column\">\n\t\t\t<div class=\"elementor-widget-wrap elementor-element-populated\">\n\t\t\t\t\t\t<div class=\"elementor-element elementor-element-1cc5441 elementor-widget elementor-widget-image\" data-id=\"1cc5441\" data-element_type=\"widget\" data-e-type=\"widget\" data-widget_type=\"image.default\">\n\t\t\t\t<div class=\"elementor-widget-container\">\n\t\t\t\t\t\t\t\t\t\t\t\t\t\t\t<img decoding=\"async\" src=\"https:\/\/res-erasmus.eu\/wp-content\/uploads\/elementor\/thumbs\/GEOClub_Logo-rbhq30lg2t0z3k944el0pgsu962v5w4ahrcozqja4g.png\" title=\"GEOClub_Logo\" alt=\"GEOClub_Logo\" loading=\"lazy\" \/>\t\t\t\t\t\t\t\t\t\t\t\t\t\t\t<\/div>\n\t\t\t\t<\/div>\n\t\t\t\t\t<\/div>\n\t\t<\/div>\n\t\t\t\t<div class=\"elementor-column elementor-col-25 elementor-top-column elementor-element elementor-element-640d334\" data-id=\"640d334\" data-element_type=\"column\" data-e-type=\"column\">\n\t\t\t<div class=\"elementor-widget-wrap elementor-element-populated\">\n\t\t\t\t\t\t<div class=\"elementor-element elementor-element-3f49e71 elementor-widget elementor-widget-image\" data-id=\"3f49e71\" data-element_type=\"widget\" data-e-type=\"widget\" data-widget_type=\"image.default\">\n\t\t\t\t<div class=\"elementor-widget-container\">\n\t\t\t\t\t\t\t\t\t\t\t\t\t\t\t<img decoding=\"async\" src=\"https:\/\/res-erasmus.eu\/wp-content\/uploads\/elementor\/thumbs\/MVI_Logo-rbhq30lg2t0z3k944el0pgsu962v5w4ahrcozqja4g.png\" title=\"MVI_Logo\" alt=\"MVI_Logo\" loading=\"lazy\" \/>\t\t\t\t\t\t\t\t\t\t\t\t\t\t\t<\/div>\n\t\t\t\t<\/div>\n\t\t\t\t\t<\/div>\n\t\t<\/div>\n\t\t\t\t<div class=\"elementor-column elementor-col-25 elementor-top-column elementor-element elementor-element-95de01a\" data-id=\"95de01a\" data-element_type=\"column\" data-e-type=\"column\">\n\t\t\t<div class=\"elementor-widget-wrap elementor-element-populated\">\n\t\t\t\t\t\t<div class=\"elementor-element elementor-element-5b5417a elementor-widget elementor-widget-image\" data-id=\"5b5417a\" data-element_type=\"widget\" data-e-type=\"widget\" data-widget_type=\"image.default\">\n\t\t\t\t<div class=\"elementor-widget-container\">\n\t\t\t\t\t\t\t\t\t\t\t\t\t\t\t<img decoding=\"async\" src=\"https:\/\/res-erasmus.eu\/wp-content\/uploads\/elementor\/thumbs\/HelloYouth_Logo-rbhq30lg2t0z3k944el0pgsu962v5w4ahrcozqja4g.png\" title=\"HelloYouth_Logo\" alt=\"HelloYouth_Logo\" loading=\"lazy\" \/>\t\t\t\t\t\t\t\t\t\t\t\t\t\t\t<\/div>\n\t\t\t\t<\/div>\n\t\t\t\t\t<\/div>\n\t\t<\/div>\n\t\t\t\t\t<\/div>\n\t\t<\/section>\n\t\t\t\t<\/div>","protected":false},"excerpt":{"rendered":"<p>The Role of Entrepreneurship in Sports: A New Perspective&nbsp;on Young People RES Learn More! RES aims at addressing on the priorities of promoting entrepreneurship and social entrepreneurship education through cooperation among countries affected by massive youth unemployment phenomena with a concrete focus on Sport entrepreneurship, foster entrepreneurial and social entrepreneurial empowerment and concrete transition from [&hellip;]<\/p>\n","protected":false},"author":1,"featured_media":0,"parent":0,"menu_order":0,"comment_status":"closed","ping_status":"closed","template":"elementor_header_footer","meta":{"_bbp_topic_count":0,"_bbp_reply_count":0,"_bbp_total_topic_count":0,"_bbp_total_reply_count":0,"_bbp_voice_count":0,"_bbp_anonymous_reply_count":0,"_bbp_topic_count_hidden":0,"_bbp_reply_count_hidden":0,"_bbp_forum_subforum_count":0,"footnotes":""},"class_list":["post-12","page","type-page","status-publish","hentry"],"blocksy_meta":[],"_links":{"self":[{"href":"https:\/\/res-erasmus.eu\/da\/wp-json\/wp\/v2\/pages\/12","targetHints":{"allow":["GET"]}}],"collection":[{"href":"https:\/\/res-erasmus.eu\/da\/wp-json\/wp\/v2\/pages"}],"about":[{"href":"https:\/\/res-erasmus.eu\/da\/wp-json\/wp\/v2\/types\/page"}],"author":[{"embeddable":true,"href":"https:\/\/res-erasmus.eu\/da\/wp-json\/wp\/v2\/users\/1"}],"replies":[{"embeddable":true,"href":"https:\/\/res-erasmus.eu\/da\/wp-json\/wp\/v2\/comments?post=12"}],"version-history":[{"count":28,"href":"https:\/\/res-erasmus.eu\/da\/wp-json\/wp\/v2\/pages\/12\/revisions"}],"predecessor-version":[{"id":152,"href":"https:\/\/res-erasmus.eu\/da\/wp-json\/wp\/v2\/pages\/12\/revisions\/152"}],"wp:attachment":[{"href":"https:\/\/res-erasmus.eu\/da\/wp-json\/wp\/v2\/media?parent=12"}],"curies":[{"name":"wp","href":"https:\/\/api.w.org\/{rel}","templated":true}]}}